{"id":1152,"date":"2021-04-13T23:50:54","date_gmt":"2021-04-13T21:50:54","guid":{"rendered":"https:\/\/epilibres.leportail.org\/?page_id=1152"},"modified":"2024-12-22T12:09:42","modified_gmt":"2024-12-22T11:09:42","slug":"accueil","status":"publish","type":"page","link":"https:\/\/epis-libres.leportail.org\/","title":{"rendered":"Accueil"},"content":{"rendered":"\n<p>Notre projet d&rsquo;habitat participatif est constitu\u00e9 de 7 logements group\u00e9s et des espaces mutualis\u00e9s au coeur de l\u2019\u00e9colieu du Portail.<\/p>\n\n\n\n<ul class=\"wp-block-list\"><li>L\u2019\u00e9colieu du Portail est situ\u00e9 au sud de la commune de Torpes, en Bresse Bourguignonne (d\u00e9partement de la Sa\u00f4ne-et-Loire, frontalier avec le Jura).<\/li><li>Dans un paysage doucement vallonn\u00e9, en surplomb de la Brenne, cours d\u2019eau sinuant \u00e0 l\u2019ouest du territoire de Torpes, plusieurs points de vues traversent le site sur les collines environnantes.<\/li><li>Un b\u00e2ti traditionnel group\u00e9 existe sur le site avec une grange en cours de r\u00e9habilitation destin\u00e9e \u00e0 recevoir les locaux ouverts au public<\/li><li>Il y a \u00e9galement une maison con\u00e7ue pour s\u2019adapter \u00e0 diff\u00e9rentes demandes de logement, poss\u00e9dant 5 chambres.<\/li><li>L\u2019essence du lieu est son caract\u00e8re rural. La pr\u00e9sence des arbres est tr\u00e8s importante sur le site, comme des alignements de ch\u00eanes et quelques sujets isol\u00e9s et remarquables.<\/li><\/ul>\n","protected":false},"excerpt":{"rendered":"<p>Notre projet d&rsquo;habitat participatif est constitu\u00e9 de 7 logements group\u00e9s et des espaces mutualis\u00e9s au coeur de l\u2019\u00e9colieu du Portail. L\u2019\u00e9colieu du Portail est situ\u00e9 au sud de la commune de Torpes, en Bresse Bourguignonne (d\u00e9partement de la Sa\u00f4ne-et-Loire, frontalier avec le Jura). Dans un paysage doucement vallonn\u00e9, en surplomb de la Brenne, cours d\u2019eau [&hellip;]<\/p>\n","protected":false},"author":1,"featured_media":0,"parent":0,"menu_order":0,"comment_status":"closed","ping_status":"closed","template":"","meta":{"site-sidebar-layout":"default","site-content-layout":"default","ast-site-content-layout":"default","site-content-style":"default","site-sidebar-style":"default","ast-global-header-display":"","ast-banner-title-visibility":"","ast-main-header-display":"","ast-hfb-above-header-display":"","ast-hfb-below-header-display":"","ast-hfb-mobile-header-display":"","site-post-title":"","ast-breadcrumbs-content":"","ast-featured-img":"","footer-sml-layout":"","theme-transparent-header-meta":"default","adv-header-id-meta":"","stick-header-meta":"","header-above-stick-meta":"","header-main-stick-meta":"","header-below-stick-meta":"","astra-migrate-meta-layouts":"default","ast-page-background-enabled":"default","ast-page-background-meta":{"desktop":{"background-color":"","background-image":"","background-repeat":"repeat","background-position":"center center","background-size":"auto","background-attachment":"scroll","background-type":"","background-media":"","overlay-type":"","overlay-color":"","overlay-opacity":"","overlay-gradient":""},"tablet":{"background-color":"","background-image":"","background-repeat":"repeat","background-position":"center center","background-size":"auto","background-attachment":"scroll","background-type":"","background-media":"","overlay-type":"","overlay-color":"","overlay-opacity":"","overlay-gradient":""},"mobile":{"background-color":"","background-image":"","background-repeat":"repeat","background-position":"center center","background-size":"auto","background-attachment":"scroll","background-type":"","background-media":"","overlay-type":"","overlay-color":"","overlay-opacity":"","overlay-gradient":""}},"ast-content-background-meta":{"desktop":{"background-color":"var(--ast-global-color-5)","background-image":"","background-repeat":"repeat","background-position":"center center","background-size":"auto","background-attachment":"scroll","background-type":"","background-media":"","overlay-type":"","overlay-color":"","overlay-opacity":"","overlay-gradient":""},"tablet":{"background-color":"var(--ast-global-color-5)","background-image":"","background-repeat":"repeat","background-position":"center center","background-size":"auto","background-attachment":"scroll","background-type":"","background-media":"","overlay-type":"","overlay-color":"","overlay-opacity":"","overlay-gradient":""},"mobile":{"background-color":"var(--ast-global-color-5)","background-image":"","background-repeat":"repeat","background-position":"center center","background-size":"auto","background-attachment":"scroll","background-type":"","background-media":"","overlay-type":"","overlay-color":"","overlay-opacity":"","overlay-gradient":""}},"footnotes":""},"class_list":["post-1152","page","type-page","status-publish","hentry"],"_links":{"self":[{"href":"https:\/\/epis-libres.leportail.org\/index.php\/wp-json\/wp\/v2\/pages\/1152","targetHints":{"allow":["GET"]}}],"collection":[{"href":"https:\/\/epis-libres.leportail.org\/index.php\/wp-json\/wp\/v2\/pages"}],"about":[{"href":"https:\/\/epis-libres.leportail.org\/index.php\/wp-json\/wp\/v2\/types\/page"}],"author":[{"embeddable":true,"href":"https:\/\/epis-libres.leportail.org\/index.php\/wp-json\/wp\/v2\/users\/1"}],"replies":[{"embeddable":true,"href":"https:\/\/epis-libres.leportail.org\/index.php\/wp-json\/wp\/v2\/comments?post=1152"}],"version-history":[{"count":5,"href":"https:\/\/epis-libres.leportail.org\/index.php\/wp-json\/wp\/v2\/pages\/1152\/revisions"}],"predecessor-version":[{"id":1520,"href":"https:\/\/epis-libres.leportail.org\/index.php\/wp-json\/wp\/v2\/pages\/1152\/revisions\/1520"}],"wp:attachment":[{"href":"https:\/\/epis-libres.leportail.org\/index.php\/wp-json\/wp\/v2\/media?parent=1152"}],"curies":[{"name":"wp","href":"https:\/\/api.w.org\/{rel}","templated":true}]}}