{"id":1416,"date":"2021-11-21T10:57:19","date_gmt":"2021-11-21T09:57:19","guid":{"rendered":"https:\/\/epis-libres.leportail.org\/?page_id=1416"},"modified":"2021-11-21T10:57:20","modified_gmt":"2021-11-21T09:57:20","slug":"la-charte-relationnelle-des-epis-libres","status":"publish","type":"page","link":"https:\/\/epis-libres.leportail.org\/index.php\/la-charte-relationnelle-des-epis-libres\/","title":{"rendered":"La Charte relationnelle des \u00e9pis libres"},"content":{"rendered":"\n<p class=\"has-drop-cap\">Notre objectif par cette charte est de faciliter les relations au sein du groupe afin que les \u00e9changes soient<br>fluides, gais mais aussi efficaces, dans le but de favoriser l\u2019\u00e9mergence de la sagesse du groupe. Les<br>principes \u00e9nonc\u00e9s sont des guides , chacun s\u2019effor\u00e7ant de faire le mieux possible.<\/p>\n\n\n\n<p><br>\u2022 Principes de communication :<br>Je m\u2019adresse au groupe et non \u00e0 une personne en particulier.<br>Lorsque je participe \u00e0 une discussion, je me pose la question de savoir si ce que j\u2019ai \u00e0 dire sert le groupe<br>dans son ensemble et lui permet d\u2019avancer. Je m\u2019efforce d\u2019\u00eatre constructive\/if et de proposer des<br>solutions. Si je n\u2019y arrive pas, je demande au groupe de m\u2019aider \u00e0 en formuler.<br>J\u2019ai une parole de qualit\u00e9 la plus concise et r\u00e9fl\u00e9chie possible.<br>Je suis dans l\u2019\u00e9coute et laisse chacun(e) parler jusqu\u2019au bout.<br>Je respecte la confidentialit\u00e9 lorsqu\u2019elle est demand\u00e9e par le groupe.<br>\u2022 Bienveillance envers soi et les autres :<br>Ce que j\u2019exprime, je le fais dans l\u2019intention de vouloir du bien pour moi et pour les autres.<br>\u2022 Respect :<br>J\u2019essaie au mieux de d\u00e9passer le jugement, de ne pas interpr\u00e9ter, de ne pas faire de suppositions, de<br>respecter la parole et les choix de chacun.<br>\u2022 Engagement et responsabilit\u00e9 :<br>Je suis responsable de ce que j\u2019exprime, de ce que je d\u00e9cide et de la fa\u00e7on dont je re\u00e7ois ce que<br>j\u2019entends. Je m\u2019engage dans les diff\u00e9rents objectifs des \u00c9pis libres, \u00e0 \u00eatre pr\u00e9sent lors des r\u00e9unions, \u00e0<br>fournir le travail \u00e9voqu\u00e9 lors de la r\u00e9union pr\u00e9c\u00e9dente.<br>Au cas o\u00f9 je n\u2019ai pas particip\u00e9 \u00e0 une r\u00e9union, je m\u2019informe des d\u00e9cisions prises.<br>Je suis responsable des d\u00e9cisions prises par le groupe, de leurs cons\u00e9quences et de leur bonne application.<br>\u2022 Authenticit\u00e9 :<br>Si j\u2019ai quelque chose \u00e0 dire qui concerne une personne, je le dis \u00e0 la personne concern\u00e9e. Je le fais de<br>pr\u00e9f\u00e9rence en seul \u00e0 seul. Si cela concerne toute l\u2019\u00e9quipe, je partage dans le cadre d\u2019une r\u00e9union. Je<br>m\u2019efforce d\u2019\u00eatre la\/le plus transparent(e) et respectueuse(x) possible.<br>Notre charte s\u2019appuie sur 5 principes qui s\u2019inspirent des \u201cAccords Tolt\u00e8ques\u201d :<\/p>\n\n\n\n<ol class=\"wp-block-list\"><li>Que votre parole soit impeccable<\/li><li>Quoiqu&rsquo;il arrive n&rsquo;en faites pas une affaire personnelle<\/li><li>Ne faites pas de suppositions<\/li><li>Faites toujours de votre mieux<\/li><li>Soyez sceptique mais apprenez \u00e0 \u00e9couter<br>\u201cLes quatre accords tolt\u00e8ques + le cinqui\u00e8me\u201d de Don Miguel Ruiz aux \u00e9ditions Jouvence<br>Organisation des r\u00e9unions :<br>\u2022 elles sont programm\u00e9es au moins un mois \u00e0 l\u2019avance ; l\u2019ordre du jour est diffus\u00e9 une semaine avant la<br>r\u00e9union, mais est ouvert \u00e0 des questions apport\u00e9es en d\u00e9but de r\u00e9union.<br>\u2022 la r\u00e9union d\u00e9bute par un tour de table \u00ab m\u00e9t\u00e9o \u00bb puis par la validation du CR de la derni\u00e8re r\u00e9union et<br>par la distribution des r\u00f4les.<br>R\u00f4les propos\u00e9s:<\/li><\/ol>\n\n\n\n<ul class=\"wp-block-list\"><li>Secr\u00e9taire<\/li><li>Gardien du temps<\/li><li>Animateur de la prochaine r\u00e9union<\/li><li>Distributeur de la parole<br>Secr\u00e9taire:<br>le secr\u00e9tariat est partag\u00e9, mais \u00e0 chaque r\u00e9union une personne est charg\u00e9e de commencer le compte<br>rendu sur Framapad puis de rappeler \u00e0 chacun qu\u2019il peut y contribuer. Cette personne finalise le CR<br>avant la r\u00e9union suivante sous forme de .pdf et le diffuse \u00e0 chacun. Elle efface les donn\u00e9es du<br>Framapad.<br>Gardien du temps:<\/li><li>essaye de tenir le groupe aux tranches horaires convenues au d\u00e9but de r\u00e9union. Il rassemble le<br>groupe apr\u00e8s le repas.<br>Animateur :<\/li><li>propose l\u2019ordre du jour au moins 1 semaine avant la r\u00e9union<\/li><li>g\u00e8re le temps de parole individuelle<\/li><li>fait des synth\u00e8ses r\u00e9guli\u00e8res<\/li><li>surveille les \u00e9motions &#8211; s\u2019il juge que quelqu&rsquo;un a besoin de parler par exemple<\/li><li>g\u00e8re les demandes de parole sp\u00e9cifiques (voir plus loin: signes sp\u00e9cifiques)<\/li><li>il propose une pause lorsqu\u2019il le juge n\u00e9cessaire<\/li><li>fait l&rsquo;ordre du jour et sugg\u00e8re une tranche d&rsquo;horaire pour chaque point.<br>Distributeur de la parole:<\/li><li>note l&rsquo;ordre des doigts lev\u00e9s &#8211; c&rsquo;est lui qui sait toujours (sauf intervention de l\u2019animateur) qui parle<br>apr\u00e8s qui.<br>Les Signes<\/li><\/ul>\n\n\n\n<ol class=\"wp-block-list\"><li>Mains agit\u00e9es lev\u00e9es si on est d&rsquo;accord avec une id\u00e9e qui vient d&rsquo;\u00eatre exprim\u00e9e. Ce signe \u00e9vite des<br>r\u00e9p\u00e9titions. Nous avons remarqu\u00e9 que c&rsquo;est aussi un geste assez jubilatoire.<\/li><li>Deux index lev\u00e9s pour intervenir toute suite pour une clarification ou pr\u00e9cision. Ce<br>n&rsquo;est pas un outil pour r\u00e9agir au niveau \u00e9motionnel sur le coup, mais plus dans l&rsquo;esprit<br>de faciliter la discussion. C&rsquo;est une intervention courte. Pour pouvoir parler, il faut avoir<br>l&rsquo;accord TOUJOURS du ma\u00eetre, distributeur du parole.<\/li><li>1 index lev\u00e9 pour demander la parole.<\/li><li>Un T compos\u00e9 de deux mains est pour interrompre la discussion pour des raisons de<br>logistiques &#8211; une tarte qui crame, les ch\u00e8vres qui mange les salades. Toujours avec<br>l&rsquo;accord du distributeur de parole.<\/li><li>Le moulin avec les mains est pour sugg\u00e9rer gentiment que la personne qui parle se<br>r\u00e9p\u00e8te ou exprime les choses d\u00e9j\u00e0 exprim\u00e9es par quelqu&rsquo;un d&rsquo;autre.<\/li><\/ol>\n","protected":false},"excerpt":{"rendered":"<p>Notre objectif par cette charte est de faciliter les relations au sein du groupe afin que les \u00e9changes soientfluides, gais mais aussi efficaces, dans le but de favoriser l\u2019\u00e9mergence de la sagesse du groupe. Lesprincipes \u00e9nonc\u00e9s sont des guides , chacun s\u2019effor\u00e7ant de faire le mieux possible. \u2022 Principes de communication :Je m\u2019adresse au groupe [&hellip;]<\/p>\n","protected":false},"author":1,"featured_media":0,"parent":0,"menu_order":0,"comment_status":"closed","ping_status":"closed","template":"","meta":{"site-sidebar-layout":"default","site-content-layout":"default","ast-site-content-layout":"default","site-content-style":"default","site-sidebar-style":"default","ast-global-header-display":"","ast-banner-title-visibility":"","ast-main-header-display":"","ast-hfb-above-header-display":"","ast-hfb-below-header-display":"","ast-hfb-mobile-header-display":"","site-post-title":"","ast-breadcrumbs-content":"","ast-featured-img":"","footer-sml-layout":"","theme-transparent-header-meta":"default","adv-header-id-meta":"","stick-header-meta":"","header-above-stick-meta":"","header-main-stick-meta":"","header-below-stick-meta":"","astra-migrate-meta-layouts":"default","ast-page-background-enabled":"default","ast-page-background-meta":{"desktop":{"background-color":"","background-image":"","background-repeat":"repeat","background-position":"center center","background-size":"auto","background-attachment":"scroll","background-type":"","background-media":"","overlay-type":"","overlay-color":"","overlay-opacity":"","overlay-gradient":""},"tablet":{"background-color":"","background-image":"","background-repeat":"repeat","background-position":"center center","background-size":"auto","background-attachment":"scroll","background-type":"","background-media":"","overlay-type":"","overlay-color":"","overlay-opacity":"","overlay-gradient":""},"mobile":{"background-color":"","background-image":"","background-repeat":"repeat","background-position":"center center","background-size":"auto","background-attachment":"scroll","background-type":"","background-media":"","overlay-type":"","overlay-color":"","overlay-opacity":"","overlay-gradient":""}},"ast-content-background-meta":{"desktop":{"background-color":"var(--ast-global-color-5)","background-image":"","background-repeat":"repeat","background-position":"center center","background-size":"auto","background-attachment":"scroll","background-type":"","background-media":"","overlay-type":"","overlay-color":"","overlay-opacity":"","overlay-gradient":""},"tablet":{"background-color":"var(--ast-global-color-5)","background-image":"","background-repeat":"repeat","background-position":"center center","background-size":"auto","background-attachment":"scroll","background-type":"","background-media":"","overlay-type":"","overlay-color":"","overlay-opacity":"","overlay-gradient":""},"mobile":{"background-color":"var(--ast-global-color-5)","background-image":"","background-repeat":"repeat","background-position":"center center","background-size":"auto","background-attachment":"scroll","background-type":"","background-media":"","overlay-type":"","overlay-color":"","overlay-opacity":"","overlay-gradient":""}},"footnotes":""},"class_list":["post-1416","page","type-page","status-publish","hentry"],"_links":{"self":[{"href":"https:\/\/epis-libres.leportail.org\/index.php\/wp-json\/wp\/v2\/pages\/1416","targetHints":{"allow":["GET"]}}],"collection":[{"href":"https:\/\/epis-libres.leportail.org\/index.php\/wp-json\/wp\/v2\/pages"}],"about":[{"href":"https:\/\/epis-libres.leportail.org\/index.php\/wp-json\/wp\/v2\/types\/page"}],"author":[{"embeddable":true,"href":"https:\/\/epis-libres.leportail.org\/index.php\/wp-json\/wp\/v2\/users\/1"}],"replies":[{"embeddable":true,"href":"https:\/\/epis-libres.leportail.org\/index.php\/wp-json\/wp\/v2\/comments?post=1416"}],"version-history":[{"count":2,"href":"https:\/\/epis-libres.leportail.org\/index.php\/wp-json\/wp\/v2\/pages\/1416\/revisions"}],"predecessor-version":[{"id":1419,"href":"https:\/\/epis-libres.leportail.org\/index.php\/wp-json\/wp\/v2\/pages\/1416\/revisions\/1419"}],"wp:attachment":[{"href":"https:\/\/epis-libres.leportail.org\/index.php\/wp-json\/wp\/v2\/media?parent=1416"}],"curies":[{"name":"wp","href":"https:\/\/api.w.org\/{rel}","templated":true}]}}