{"id":36,"date":"2021-04-13T21:59:08","date_gmt":"2021-04-13T19:59:08","guid":{"rendered":"https:\/\/epilibres.leportail.org\/?page_id=36"},"modified":"2024-12-22T15:21:53","modified_gmt":"2024-12-22T14:21:53","slug":"les-futurs-habitants","status":"publish","type":"page","link":"https:\/\/epis-libres.leportail.org\/index.php\/les-futurs-habitants\/","title":{"rendered":"Profil des futurs habitants"},"content":{"rendered":"\n<h2 class=\"wp-block-heading\">Modalit\u00e9 d\u2019int\u00e9gration au projet<\/h2>\n\n\n\n<p>Un protocole d\u2019inclusion&nbsp;a \u00e9t\u00e9 valid\u00e9 lors d\u2019une r\u00e9union du groupe actuel. Il est pr\u00e9sent\u00e9 ci-dessous en pr\u00e9cisant qu\u2019il n\u2019a pas vocation \u00e0 rester fig\u00e9 dans le marbre, comme tous les documents de gouvernance participative.<\/p>\n\n\n\n<ul class=\"wp-block-list\"><li>La premi\u00e8re rencontre se fera avec un ou plusieurs membres du groupe.<\/li><\/ul>\n\n\n\n<ul class=\"wp-block-list\"><li>A la suite de cette rencontre, les candidats prendront connaissance de l\u2019ensemble des documents pr\u00e9sentant le projet.<\/li><\/ul>\n\n\n\n<ul class=\"wp-block-list\"><li>Il leur sera demand\u00e9 d\u2019\u00e9crire au groupe leur retour d\u2019impression \u00e0 ce stade.<\/li><\/ul>\n\n\n\n<ul class=\"wp-block-list\"><li>Les candidats devront s\u00e9journer au minimum une semaine sur place, \u00e0 l\u2019invitation du groupe. Cela leur permettra de faire plus ample connaissance avec l\u2019\u00e9colieu et d\u2019assister \u00e0 des r\u00e9unions en auditeurs.<\/li><\/ul>\n\n\n\n<ul class=\"wp-block-list\"><li>Ensuite, ils participeront aux r\u00e9unions mensuelles du groupe et dans la mesure de leurs possibilit\u00e9s pourront s\u2019inscrire \u00e0 des ateliers, venir \u00e0 des chantiers participatifs, etc.<\/li><\/ul>\n\n\n\n<ul class=\"wp-block-list\"><li>A chaque \u00e9tape, les membres du groupe s\u2019expriment sur leur ressenti et une objection de l\u2019un d\u2019entre eux enclenche un processus de \u00ab\u00a0gestion par consentement\u00a0\u00bb dans le but de lever l\u2019objection ou de refuser la candidature.<br><\/li><li>L\u2019inclusion sera c\u00e9l\u00e9br\u00e9e comme il se doit\u00a0!!!<\/li><\/ul>\n\n\n\n<p>L&rsquo;objectif de ce protocole est de maintenir des contacts r\u00e9guliers sur l\u2019ann\u00e9e. Les candidats seront \u00e9galement bienvenus pour proposer une activit\u00e9.<\/p>\n\n\n\n<hr class=\"wp-block-separator is-style-wide\"\/>\n\n\n\n<div class=\"wp-block-image\"><figure class=\"aligncenter size-large\"><img loading=\"lazy\" decoding=\"async\" width=\"640\" height=\"436\" src=\"https:\/\/epi-libres.localhost\/wp-content\/uploads\/2021\/11\/personne-ide\u0301ale.jpeg\" alt=\"\" class=\"wp-image-1457\" srcset=\"https:\/\/epis-libres.leportail.org\/wp-content\/uploads\/2021\/11\/personne-ide\u0301ale.jpeg 640w, https:\/\/epis-libres.leportail.org\/wp-content\/uploads\/2021\/11\/personne-ide\u0301ale-300x204.jpeg 300w\" sizes=\"auto, (max-width: 640px) 100vw, 640px\" \/><\/figure><\/div>\n\n\n\n<hr class=\"wp-block-separator is-style-wide\"\/>\n\n\n\n<div class=\"wp-block-image\"><figure class=\"aligncenter size-large\"><img loading=\"lazy\" decoding=\"async\" width=\"640\" height=\"433\" src=\"https:\/\/epi-libres.localhost\/wp-content\/uploads\/2021\/11\/personne-incompatible.jpeg\" alt=\"\" class=\"wp-image-1458\" srcset=\"https:\/\/epis-libres.leportail.org\/wp-content\/uploads\/2021\/11\/personne-incompatible.jpeg 640w, https:\/\/epis-libres.leportail.org\/wp-content\/uploads\/2021\/11\/personne-incompatible-300x203.jpeg 300w\" sizes=\"auto, (max-width: 640px) 100vw, 640px\" \/><\/figure><\/div>\n\n\n\n<hr class=\"wp-block-separator is-style-wide\"\/>\n","protected":false},"excerpt":{"rendered":"<p>Modalit\u00e9 d\u2019int\u00e9gration au projet Un protocole d\u2019inclusion&nbsp;a \u00e9t\u00e9 valid\u00e9 lors d\u2019une r\u00e9union du groupe actuel. Il est pr\u00e9sent\u00e9 ci-dessous en pr\u00e9cisant qu\u2019il n\u2019a pas vocation \u00e0 rester fig\u00e9 dans le marbre, comme tous les documents de gouvernance participative. La premi\u00e8re rencontre se fera avec un ou plusieurs membres du groupe. A la suite de cette [&hellip;]<\/p>\n","protected":false},"author":1,"featured_media":0,"parent":0,"menu_order":0,"comment_status":"closed","ping_status":"closed","template":"","meta":{"site-sidebar-layout":"default","site-content-layout":"default","ast-site-content-layout":"default","site-content-style":"default","site-sidebar-style":"default","ast-global-header-display":"","ast-banner-title-visibility":"","ast-main-header-display":"","ast-hfb-above-header-display":"","ast-hfb-below-header-display":"","ast-hfb-mobile-header-display":"","site-post-title":"","ast-breadcrumbs-content":"","ast-featured-img":"","footer-sml-layout":"","theme-transparent-header-meta":"default","adv-header-id-meta":"","stick-header-meta":"","header-above-stick-meta":"","header-main-stick-meta":"","header-below-stick-meta":"","astra-migrate-meta-layouts":"default","ast-page-background-enabled":"default","ast-page-background-meta":{"desktop":{"background-color":"","background-image":"","background-repeat":"repeat","background-position":"center center","background-size":"auto","background-attachment":"scroll","background-type":"","background-media":"","overlay-type":"","overlay-color":"","overlay-opacity":"","overlay-gradient":""},"tablet":{"background-color":"","background-image":"","background-repeat":"repeat","background-position":"center center","background-size":"auto","background-attachment":"scroll","background-type":"","background-media":"","overlay-type":"","overlay-color":"","overlay-opacity":"","overlay-gradient":""},"mobile":{"background-color":"","background-image":"","background-repeat":"repeat","background-position":"center center","background-size":"auto","background-attachment":"scroll","background-type":"","background-media":"","overlay-type":"","overlay-color":"","overlay-opacity":"","overlay-gradient":""}},"ast-content-background-meta":{"desktop":{"background-color":"var(--ast-global-color-5)","background-image":"","background-repeat":"repeat","background-position":"center center","background-size":"auto","background-attachment":"scroll","background-type":"","background-media":"","overlay-type":"","overlay-color":"","overlay-opacity":"","overlay-gradient":""},"tablet":{"background-color":"var(--ast-global-color-5)","background-image":"","background-repeat":"repeat","background-position":"center center","background-size":"auto","background-attachment":"scroll","background-type":"","background-media":"","overlay-type":"","overlay-color":"","overlay-opacity":"","overlay-gradient":""},"mobile":{"background-color":"var(--ast-global-color-5)","background-image":"","background-repeat":"repeat","background-position":"center center","background-size":"auto","background-attachment":"scroll","background-type":"","background-media":"","overlay-type":"","overlay-color":"","overlay-opacity":"","overlay-gradient":""}},"footnotes":""},"class_list":["post-36","page","type-page","status-publish","hentry"],"_links":{"self":[{"href":"https:\/\/epis-libres.leportail.org\/index.php\/wp-json\/wp\/v2\/pages\/36","targetHints":{"allow":["GET"]}}],"collection":[{"href":"https:\/\/epis-libres.leportail.org\/index.php\/wp-json\/wp\/v2\/pages"}],"about":[{"href":"https:\/\/epis-libres.leportail.org\/index.php\/wp-json\/wp\/v2\/types\/page"}],"author":[{"embeddable":true,"href":"https:\/\/epis-libres.leportail.org\/index.php\/wp-json\/wp\/v2\/users\/1"}],"replies":[{"embeddable":true,"href":"https:\/\/epis-libres.leportail.org\/index.php\/wp-json\/wp\/v2\/comments?post=36"}],"version-history":[{"count":8,"href":"https:\/\/epis-libres.leportail.org\/index.php\/wp-json\/wp\/v2\/pages\/36\/revisions"}],"predecessor-version":[{"id":1523,"href":"https:\/\/epis-libres.leportail.org\/index.php\/wp-json\/wp\/v2\/pages\/36\/revisions\/1523"}],"wp:attachment":[{"href":"https:\/\/epis-libres.leportail.org\/index.php\/wp-json\/wp\/v2\/media?parent=36"}],"curies":[{"name":"wp","href":"https:\/\/api.w.org\/{rel}","templated":true}]}}