{"id":38,"date":"2021-04-13T21:59:30","date_gmt":"2021-04-13T19:59:30","guid":{"rendered":"https:\/\/epilibres.leportail.org\/?page_id=38"},"modified":"2025-06-01T18:31:07","modified_gmt":"2025-06-01T16:31:07","slug":"le-projet-architectural","status":"publish","type":"page","link":"https:\/\/epis-libres.leportail.org\/index.php\/le-projet-architectural\/","title":{"rendered":"Le projet architectural"},"content":{"rendered":"\n<p>Il s&rsquo;agit d&rsquo;un projet de 7 logements group\u00e9s dans un b\u00e2timent \u00e0 l\u2019architecture bioclimatique.<\/p>\n\n\n\n<p>Le b\u00e2timent construit en ossature bois et remplissage ouate de cellulose, rev\u00eatue d\u2019un enduit terre du pays-chaux, s\u2019\u00e9l\u00e8vera sur 2 niveaux.<\/p>\n\n\n\n<p>Le b\u00e2timent d\u00e9ploiera ses deux ailes reli\u00e9es par les espaces communs, en exposant les pi\u00e8ces de vie des habitations au sud.<\/p>\n\n\n\n<p>Les entr\u00e9es se feront sur la fa\u00e7ade Nord qui sera long\u00e9e par un chemin d\u2019acc\u00e8s reliant le parking, le potager, et les espaces professionnels et publics de l\u2019\u00e9colieu.<\/p>\n\n\n\n<p>Son emprise au sol en forme de boomerang permet d\u2019orienter les pi\u00e8ces de vie de chaque logement au sud&nbsp;; les espaces communs, \u00e0 la jonction des deux ailes, sont regroup\u00e9s sur les trois niveaux et un sous-sol. Ils comprennent la cave, la buanderie, la pi\u00e8ce de vie commune et l\u2019acc\u00e8s aux chambres d\u2019amis.<\/p>\n\n\n\n<p>Dans l\u2019aile ouest et \u00e0 l\u2019\u00e9tage, il y aura un grand logement avec 3 chambres&nbsp;et six logements avec 1 chambre, dont 4 en rez-de-chauss\u00e9e avec des am\u00e9nagements adapt\u00e9s aux seniors.<\/p>\n\n\n\n<p><strong>Il reste la possibilit\u00e9 de moduler certains logements.<\/strong><\/p>\n\n\n\n<p>Le choix des modes constructifs a \u00e9t\u00e9 guid\u00e9 par la conception d\u2019un habitat bioclimatique utilisant l\u2019architecture des b\u00e2timents pour capter les rayons du soleil en \u00e9vitant d\u2019avoir recours \u00e0 des syst\u00e8mes \u00ab&nbsp;actifs&nbsp;\u00bb tels les chauffages gourmands en \u00e9nergie et producteurs de gaz \u00e0 effet de serre.<\/p>\n\n\n\n<p>La compacit\u00e9 des espaces isol\u00e9s thermiquement sera agr\u00e9ment\u00e9e par des espaces tampons tels que cellier au nord et balcons-terrasses et pergolas au sud, trait\u00e9s en structure et bardage bois naturel.<\/p>\n\n\n\n<p>En partie haute de la fa\u00e7ade Sud, une rang\u00e9e de panneaux solaires et photovolta\u00efques sera fix\u00e9e en casquette sur chacune des deux ailes du b\u00e2timent.<\/p>\n\n\n\n<p>La toiture \u00e0 un pan sera inclin\u00e9e vers le nord et la fa\u00e7ade Sud recevra partiellement une v\u00e9g\u00e9tation saisonni\u00e8re pour prot\u00e9ger le b\u00e2timent de la surchauffe estivale.<\/p>\n\n\n\n<h2 class=\"wp-block-heading\">Plans<\/h2>\n\n\n\n<ul class=\"wp-block-list\"><li><a href=\"https:\/\/epi-libres.localhost\/wp-content\/uploads\/2025\/06\/plan-PC2-a-Plan-masse-ge\u0301ne\u0301ral-1_1000e.pdf\">Plan de masse<\/a> (pdf)<\/li><li><a href=\"https:\/\/epi-libres.localhost\/wp-content\/uploads\/2025\/06\/plan-DCE-Fac\u0327ades-Nord-et-Sud.pdf\">Fa\u00e7ades nord et sud<\/a> (pdf)<\/li><li><a href=\"https:\/\/epi-libres.localhost\/wp-content\/uploads\/2025\/06\/plan-DCE-Fac\u0327ades-S-E-S-O.pdf\">Fa\u00e7ades sud-est et sud-ouest<\/a> (pdf)<\/li><\/ul>\n\n\n\n<p><\/p>\n","protected":false},"excerpt":{"rendered":"<p>Il s&rsquo;agit d&rsquo;un projet de 7 logements group\u00e9s dans un b\u00e2timent \u00e0 l\u2019architecture bioclimatique. Le b\u00e2timent construit en ossature bois et remplissage ouate de cellulose, rev\u00eatue d\u2019un enduit terre du pays-chaux, s\u2019\u00e9l\u00e8vera sur 2 niveaux. Le b\u00e2timent d\u00e9ploiera ses deux ailes reli\u00e9es par les espaces communs, en exposant les pi\u00e8ces de vie des habitations au [&hellip;]<\/p>\n","protected":false},"author":1,"featured_media":0,"parent":0,"menu_order":0,"comment_status":"closed","ping_status":"closed","template":"","meta":{"site-sidebar-layout":"default","site-content-layout":"default","ast-site-content-layout":"default","site-content-style":"default","site-sidebar-style":"default","ast-global-header-display":"","ast-banner-title-visibility":"","ast-main-header-display":"","ast-hfb-above-header-display":"","ast-hfb-below-header-display":"","ast-hfb-mobile-header-display":"","site-post-title":"","ast-breadcrumbs-content":"","ast-featured-img":"","footer-sml-layout":"","theme-transparent-header-meta":"default","adv-header-id-meta":"","stick-header-meta":"","header-above-stick-meta":"","header-main-stick-meta":"","header-below-stick-meta":"","astra-migrate-meta-layouts":"default","ast-page-background-enabled":"default","ast-page-background-meta":{"desktop":{"background-color":"","background-image":"","background-repeat":"repeat","background-position":"center center","background-size":"auto","background-attachment":"scroll","background-type":"","background-media":"","overlay-type":"","overlay-color":"","overlay-opacity":"","overlay-gradient":""},"tablet":{"background-color":"","background-image":"","background-repeat":"repeat","background-position":"center center","background-size":"auto","background-attachment":"scroll","background-type":"","background-media":"","overlay-type":"","overlay-color":"","overlay-opacity":"","overlay-gradient":""},"mobile":{"background-color":"","background-image":"","background-repeat":"repeat","background-position":"center center","background-size":"auto","background-attachment":"scroll","background-type":"","background-media":"","overlay-type":"","overlay-color":"","overlay-opacity":"","overlay-gradient":""}},"ast-content-background-meta":{"desktop":{"background-color":"var(--ast-global-color-5)","background-image":"","background-repeat":"repeat","background-position":"center center","background-size":"auto","background-attachment":"scroll","background-type":"","background-media":"","overlay-type":"","overlay-color":"","overlay-opacity":"","overlay-gradient":""},"tablet":{"background-color":"var(--ast-global-color-5)","background-image":"","background-repeat":"repeat","background-position":"center center","background-size":"auto","background-attachment":"scroll","background-type":"","background-media":"","overlay-type":"","overlay-color":"","overlay-opacity":"","overlay-gradient":""},"mobile":{"background-color":"var(--ast-global-color-5)","background-image":"","background-repeat":"repeat","background-position":"center center","background-size":"auto","background-attachment":"scroll","background-type":"","background-media":"","overlay-type":"","overlay-color":"","overlay-opacity":"","overlay-gradient":""}},"footnotes":""},"class_list":["post-38","page","type-page","status-publish","hentry"],"_links":{"self":[{"href":"https:\/\/epis-libres.leportail.org\/index.php\/wp-json\/wp\/v2\/pages\/38","targetHints":{"allow":["GET"]}}],"collection":[{"href":"https:\/\/epis-libres.leportail.org\/index.php\/wp-json\/wp\/v2\/pages"}],"about":[{"href":"https:\/\/epis-libres.leportail.org\/index.php\/wp-json\/wp\/v2\/types\/page"}],"author":[{"embeddable":true,"href":"https:\/\/epis-libres.leportail.org\/index.php\/wp-json\/wp\/v2\/users\/1"}],"replies":[{"embeddable":true,"href":"https:\/\/epis-libres.leportail.org\/index.php\/wp-json\/wp\/v2\/comments?post=38"}],"version-history":[{"count":5,"href":"https:\/\/epis-libres.leportail.org\/index.php\/wp-json\/wp\/v2\/pages\/38\/revisions"}],"predecessor-version":[{"id":1562,"href":"https:\/\/epis-libres.leportail.org\/index.php\/wp-json\/wp\/v2\/pages\/38\/revisions\/1562"}],"wp:attachment":[{"href":"https:\/\/epis-libres.leportail.org\/index.php\/wp-json\/wp\/v2\/media?parent=38"}],"curies":[{"name":"wp","href":"https:\/\/api.w.org\/{rel}","templated":true}]}}